{"id":136,"date":"2013-09-27T20:37:21","date_gmt":"2013-09-27T20:37:21","guid":{"rendered":"http:\/\/www.newsense.com.br\/portal\/?page_id=136"},"modified":"2021-01-13T01:54:54","modified_gmt":"2021-01-13T01:54:54","slug":"nuc-marketing","status":"publish","type":"page","link":"http:\/\/www.newsense.com.br\/portal\/nuc-marketing\/","title":{"rendered":"Marketing"},"content":{"rendered":"<h3 class=\"widget-title\"><a href=\"http:\/\/www.newsense.com.br\/portal\/wp-content\/uploads\/2015\/03\/puzzle-654957_1280.jpg\"><img loading=\"lazy\" decoding=\"async\" class=\"wp-image-1106 alignleft\" src=\"http:\/\/www.newsense.com.br\/portal\/wp-content\/uploads\/2015\/03\/puzzle-654957_1280.jpg\" alt=\"puzzle-654957_1280\" width=\"361\" height=\"271\" srcset=\"http:\/\/www.newsense.com.br\/portal\/wp-content\/uploads\/2015\/03\/puzzle-654957_1280.jpg 1280w, http:\/\/www.newsense.com.br\/portal\/wp-content\/uploads\/2015\/03\/puzzle-654957_1280-300x225.jpg 300w, http:\/\/www.newsense.com.br\/portal\/wp-content\/uploads\/2015\/03\/puzzle-654957_1280-1024x768.jpg 1024w, http:\/\/www.newsense.com.br\/portal\/wp-content\/uploads\/2015\/03\/puzzle-654957_1280-480x360.jpg 480w\" sizes=\"auto, (max-width: 361px) 100vw, 361px\" \/><\/a><\/h3>\n<h3 class=\"widget-title\"><\/h3>\n<h3 class=\"widget-title\" style=\"text-align: center;\">Marketing<\/h3>\n<p style=\"text-align: center;\">Desenvolvemos projetos de pesquisa e consultoria em todo o espectro de atua\u00e7\u00e3o de marketing e comunica\u00e7\u00e3o, com uma abordagem generalista, integrada e customizada.<\/p>\n<p style=\"text-align: center;\"><a href=\"http:\/\/www.newsense.com.br\/portal\/pesquisa-de-marketing-social\/\"><span style=\"color: #000080;\"><i class=\"fa fa-circle\"><\/i>\u00a0\u00a0Pesquisa de Marketing<\/span><\/a><\/p>\n<p style=\"text-align: center;\"><a href=\"http:\/\/www.newsense.com.br\/portal\/planejamento-de-marketing\/ \"><span style=\"color: #000080;\"><i class=\"fa fa-circle\"><\/i>\u00a0\u00a0Planejamento de Marketing<\/span><\/a><\/p>\n","protected":false},"excerpt":{"rendered":"<p>Marketing Desenvolvemos projetos de pesquisa e consultoria em todo o espectro de atua\u00e7\u00e3o de marketing e comunica\u00e7\u00e3o, com uma abordagem generalista, integrada e customizada. \u00a0\u00a0Pesquisa de Marketing \u00a0\u00a0Planejamento de Marketing<\/p>\n","protected":false},"author":1,"featured_media":0,"parent":0,"menu_order":0,"comment_status":"closed","ping_status":"closed","template":"page-templates\/page_front-page.php","meta":{"footnotes":""},"class_list":["post-136","page","type-page","status-publish","hentry"],"_links":{"self":[{"href":"http:\/\/www.newsense.com.br\/portal\/wp-json\/wp\/v2\/pages\/136","targetHints":{"allow":["GET"]}}],"collection":[{"href":"http:\/\/www.newsense.com.br\/portal\/wp-json\/wp\/v2\/pages"}],"about":[{"href":"http:\/\/www.newsense.com.br\/portal\/wp-json\/wp\/v2\/types\/page"}],"author":[{"embeddable":true,"href":"http:\/\/www.newsense.com.br\/portal\/wp-json\/wp\/v2\/users\/1"}],"replies":[{"embeddable":true,"href":"http:\/\/www.newsense.com.br\/portal\/wp-json\/wp\/v2\/comments?post=136"}],"version-history":[{"count":25,"href":"http:\/\/www.newsense.com.br\/portal\/wp-json\/wp\/v2\/pages\/136\/revisions"}],"predecessor-version":[{"id":2531,"href":"http:\/\/www.newsense.com.br\/portal\/wp-json\/wp\/v2\/pages\/136\/revisions\/2531"}],"wp:attachment":[{"href":"http:\/\/www.newsense.com.br\/portal\/wp-json\/wp\/v2\/media?parent=136"}],"curies":[{"name":"wp","href":"https:\/\/api.w.org\/{rel}","templated":true}]}}