{"id":2278,"date":"2017-05-11T18:57:56","date_gmt":"2017-05-11T18:57:56","guid":{"rendered":"http:\/\/www.newsense.com.br\/portal\/?page_id=2278"},"modified":"2018-08-05T22:09:32","modified_gmt":"2018-08-05T22:09:32","slug":"pesquisa-dimension-mercado-abreme","status":"publish","type":"page","link":"http:\/\/www.newsense.com.br\/portal\/pesquisa-dimension-mercado-abreme\/","title":{"rendered":"Pesquisa de Dimensionamento do Mercado de Distribui\u00e7\u00e3o de Material El\u00e9trico"},"content":{"rendered":"<p>&nbsp;<br \/>\nPrezados Senhores,<\/p>\n<p align=\"justify\">A ABREME &#8211; Associa\u00e7\u00e3o Brasileira de Revendedores e Distribuidores de Material El\u00e9trico, no exerc\u00edcio das suas fun\u00e7\u00f5es, pioneiramente, est\u00e1 promovendo uma pesquisa de dimensionamento do Mercado Brasileiro de Distribui\u00e7\u00e3o de Material El\u00e9trico, ano base 2017.<\/p>\n<p align=\"justify\">Este trabalho ser\u00e1 de enorme valia, visto que o Brasil \u00e9 muito carente neste tipo de informa\u00e7\u00e3o e ir\u00e1 contribuir &#8211; tanto para o segmento fabricante quanto o segmento distribuidor &#8211; a entender melhor o mercado e definir estrat\u00e9gias de atua\u00e7\u00e3o mais efetivas. Al\u00e9m disso, valorizar\u00e1 o segmento tanto frente \u00e0 \u00e1rea p\u00fablica quanto \u00e0 m\u00eddia e sociedade como um todo.<\/p>\n<p align=\"justify\">Para tal, contratamos a empresa NewSense, na responsabilidade do Prof. Dr Jos\u00e9 Paulo Hernandes, para efetuar o trabalho, que envolver\u00e1 tanto fabricantes quanto distribuidores e revendedores.<\/p>\n<p align=\"justify\">A equipe da NewSense entrar\u00e1 em contato no per\u00edodo de abril a junho de 2017, por telefone e\/ou e-mail com a devida identifica\u00e7\u00e3o da pesquisa.<\/p>\n<p align=\"justify\">O processo ser\u00e1 cercado de total sigilo, respaldado por um NDA (termo de confidencialidade) espec\u00edfico da NewSense para cada empresa participante, e os dados publicados ser\u00e3o compilados e totalizados de forma a n\u00e3o permitir a identifica\u00e7\u00e3o de nenhum conte\u00fado individual de nenhuma empresa.<\/p>\n<p align=\"justify\">Contamos enormemente com a sua participa\u00e7\u00e3o de forma a garantir a qualidade e o sucesso da nossa pesquisa.<\/p>\n<p>Colocamo-nos a disposi\u00e7\u00e3o para prestar quaisquer esclarecimentos adicionais.<\/p>\n<p>Diretoria&nbsp;<\/p>\n<p>&nbsp;<a href=\"http:\/\/www.newsense.com.br\/portal\/wp-content\/uploads\/2017\/05\/logo-abreme.jpg\"><img loading=\"lazy\" decoding=\"async\" class=\" wp-image-2280 alignleft\" src=\"http:\/\/www.newsense.com.br\/portal\/wp-content\/uploads\/2017\/05\/logo-abreme.jpg\" alt=\"\" width=\"242\" height=\"83\" srcset=\"http:\/\/www.newsense.com.br\/portal\/wp-content\/uploads\/2017\/05\/logo-abreme.jpg 402w, http:\/\/www.newsense.com.br\/portal\/wp-content\/uploads\/2017\/05\/logo-abreme-300x103.jpg 300w, http:\/\/www.newsense.com.br\/portal\/wp-content\/uploads\/2017\/05\/logo-abreme-230x79.jpg 230w, http:\/\/www.newsense.com.br\/portal\/wp-content\/uploads\/2017\/05\/logo-abreme-350x120.jpg 350w\" sizes=\"auto, (max-width: 242px) 100vw, 242px\" \/><\/a><\/p>\n<p>&nbsp;<\/p>\n<p>&nbsp;<\/p>\n<p><span style=\"font-size: small;\">Rua Oscar Bressane, 283 \u2013 Jardim da Sa\u00fade\/SP &#8211; Tel (11) 5077.4140 &#8211; abreme@abreme.com.br<\/span><\/p>\n<p><span style=\"font-size: small;\"><a href=\"http:\/\/www.abreme.com.br\/2017\/#pesquisa\">www.abreme.com.br<\/a><\/span><\/p>\n<p>&nbsp;<\/p>\n<p>&nbsp;<\/p>\n<p><span style=\"font-size: small;\">veja outros temas relacionados \u00e0 <a href=\"http:\/\/www.newsense.com.br\/portal\/downloads\/\">ABREME<\/a> no site da NewSense<\/span><\/p>\n","protected":false},"excerpt":{"rendered":"<p>&nbsp; Prezados Senhores, A ABREME &#8211; Associa\u00e7\u00e3o Brasileira de Revendedores e Distribuidores de Material El\u00e9trico, no exerc\u00edcio das suas fun\u00e7\u00f5es, pioneiramente, est\u00e1 promovendo uma pesquisa de dimensionamento do Mercado Brasileiro de Distribui\u00e7\u00e3o de Material El\u00e9trico, ano base 2017. Este trabalho ser\u00e1 de enorme valia, visto que o Brasil \u00e9 muito carente neste tipo de informa\u00e7\u00e3o [&hellip;]<\/p>\n","protected":false},"author":1,"featured_media":0,"parent":0,"menu_order":0,"comment_status":"closed","ping_status":"closed","template":"","meta":{"footnotes":""},"class_list":["post-2278","page","type-page","status-publish","hentry"],"_links":{"self":[{"href":"http:\/\/www.newsense.com.br\/portal\/wp-json\/wp\/v2\/pages\/2278","targetHints":{"allow":["GET"]}}],"collection":[{"href":"http:\/\/www.newsense.com.br\/portal\/wp-json\/wp\/v2\/pages"}],"about":[{"href":"http:\/\/www.newsense.com.br\/portal\/wp-json\/wp\/v2\/types\/page"}],"author":[{"embeddable":true,"href":"http:\/\/www.newsense.com.br\/portal\/wp-json\/wp\/v2\/users\/1"}],"replies":[{"embeddable":true,"href":"http:\/\/www.newsense.com.br\/portal\/wp-json\/wp\/v2\/comments?post=2278"}],"version-history":[{"count":20,"href":"http:\/\/www.newsense.com.br\/portal\/wp-json\/wp\/v2\/pages\/2278\/revisions"}],"predecessor-version":[{"id":2360,"href":"http:\/\/www.newsense.com.br\/portal\/wp-json\/wp\/v2\/pages\/2278\/revisions\/2360"}],"wp:attachment":[{"href":"http:\/\/www.newsense.com.br\/portal\/wp-json\/wp\/v2\/media?parent=2278"}],"curies":[{"name":"wp","href":"https:\/\/api.w.org\/{rel}","templated":true}]}}