{"id":735,"date":"2015-03-17T23:01:39","date_gmt":"2015-03-17T23:01:39","guid":{"rendered":"http:\/\/www.newsense.com.br\/portal\/?page_id=735"},"modified":"2021-01-13T01:56:08","modified_gmt":"2021-01-13T01:56:08","slug":"gestao-estrategica","status":"publish","type":"page","link":"http:\/\/www.newsense.com.br\/portal\/gestao-estrategica\/","title":{"rendered":"Gest\u00e3o Estrat\u00e9gica"},"content":{"rendered":"<h3 class=\"widget-title\">Gest\u00e3o Estrat\u00e9gica<\/h3>\n<p>O objetivo \u00e9 possibilitar \u00e0 organiza\u00e7\u00e3o um ferramental de mudan\u00e7as e adequa\u00e7\u00f5es organizacionais, desde uma completa reestrutura\u00e7\u00e3o por processos at\u00e9 a implanta\u00e7\u00e3o da Gest\u00e3o para a Qualidade Total, passando por v\u00e1rias t\u00e9cnicas e est\u00e1gios de sensibiliza\u00e7\u00e3o para a mudan\u00e7a, integra\u00e7\u00e3o cultural, capacita\u00e7\u00e3o t\u00e9cnica e gerencial e aplica\u00e7\u00e3o de modernos instrumentos de gest\u00e3o.<\/p>\n<ul>\n<li><a href=\"http:\/\/www.newsense.com.br\/portal\/planejestratatcompet\/\">Planejamento Estrat\u00e9gico Competitivo<\/a><\/li>\n<li><a href=\"http:\/\/www.newsense.com.br\/portal\/desenvolvimento-organizacional\/\">Desenvolvimento Organizacional<\/a><\/li>\n<\/ul>\n","protected":false},"excerpt":{"rendered":"<p>Gest\u00e3o Estrat\u00e9gica O objetivo \u00e9 possibilitar \u00e0 organiza\u00e7\u00e3o um ferramental de mudan\u00e7as e adequa\u00e7\u00f5es organizacionais, desde uma completa reestrutura\u00e7\u00e3o por processos at\u00e9 a implanta\u00e7\u00e3o da Gest\u00e3o para a Qualidade Total, passando por v\u00e1rias t\u00e9cnicas e est\u00e1gios de sensibiliza\u00e7\u00e3o para a mudan\u00e7a, integra\u00e7\u00e3o cultural, capacita\u00e7\u00e3o t\u00e9cnica e gerencial e aplica\u00e7\u00e3o de modernos instrumentos de gest\u00e3o. Planejamento [&hellip;]<\/p>\n","protected":false},"author":1,"featured_media":0,"parent":0,"menu_order":0,"comment_status":"closed","ping_status":"closed","template":"page-templates\/page_front-page.php","meta":{"footnotes":""},"class_list":["post-735","page","type-page","status-publish","hentry"],"_links":{"self":[{"href":"http:\/\/www.newsense.com.br\/portal\/wp-json\/wp\/v2\/pages\/735","targetHints":{"allow":["GET"]}}],"collection":[{"href":"http:\/\/www.newsense.com.br\/portal\/wp-json\/wp\/v2\/pages"}],"about":[{"href":"http:\/\/www.newsense.com.br\/portal\/wp-json\/wp\/v2\/types\/page"}],"author":[{"embeddable":true,"href":"http:\/\/www.newsense.com.br\/portal\/wp-json\/wp\/v2\/users\/1"}],"replies":[{"embeddable":true,"href":"http:\/\/www.newsense.com.br\/portal\/wp-json\/wp\/v2\/comments?post=735"}],"version-history":[{"count":17,"href":"http:\/\/www.newsense.com.br\/portal\/wp-json\/wp\/v2\/pages\/735\/revisions"}],"predecessor-version":[{"id":2532,"href":"http:\/\/www.newsense.com.br\/portal\/wp-json\/wp\/v2\/pages\/735\/revisions\/2532"}],"wp:attachment":[{"href":"http:\/\/www.newsense.com.br\/portal\/wp-json\/wp\/v2\/media?parent=735"}],"curies":[{"name":"wp","href":"https:\/\/api.w.org\/{rel}","templated":true}]}}