{"id":803,"date":"2015-03-19T15:16:42","date_gmt":"2015-03-19T15:16:42","guid":{"rendered":"http:\/\/www.newsense.com.br\/portal\/?page_id=803"},"modified":"2016-04-08T15:01:00","modified_gmt":"2016-04-08T15:01:00","slug":"pesquisa-de-marketing-social","status":"publish","type":"page","link":"http:\/\/www.newsense.com.br\/portal\/pesquisa-de-marketing-social\/","title":{"rendered":"Pesquisa de Marketing Social"},"content":{"rendered":"<h3 class=\"widget-title\">Pesquisa de Marketing Social<\/h3>\n<p>Desenvolvemos projetos de pesquisa e consultoria em todo espectro de atua\u00e7\u00e3o de marketing e comunica\u00e7\u00e3o,<br \/>\n com uma abordagem generalista, integrada e customizada:<\/p>\n<p>&nbsp;<\/p>\n<p style=\"padding-left: 150px;\"><img loading=\"lazy\" decoding=\"async\" class=\" wp-image-1466 alignright\" src=\"http:\/\/www.newsense.com.br\/portal\/wp-content\/uploads\/2015\/03\/alvo1.png\" alt=\"alvo\" width=\"524\" height=\"314\" srcset=\"http:\/\/www.newsense.com.br\/portal\/wp-content\/uploads\/2015\/03\/alvo1.png 818w, http:\/\/www.newsense.com.br\/portal\/wp-content\/uploads\/2015\/03\/alvo1-300x180.png 300w, http:\/\/www.newsense.com.br\/portal\/wp-content\/uploads\/2015\/03\/alvo1-480x288.png 480w, http:\/\/www.newsense.com.br\/portal\/wp-content\/uploads\/2015\/03\/alvo1-230x138.png 230w, http:\/\/www.newsense.com.br\/portal\/wp-content\/uploads\/2015\/03\/alvo1-350x210.png 350w\" sizes=\"auto, (max-width: 524px) 100vw, 524px\" \/><br \/>\n <i class=\"fa fa-check\"><\/i> Posicionamento \/ Imagem;<br \/>\n <i class=\"fa fa-check\"><\/i> Propaganda \/ Comunica\u00e7\u00e3o;<br \/>\n <i class=\"fa fa-check\"><\/i> Marca \/ Brand Equity;<br \/>\n <i class=\"fa fa-check\"><\/i> Trade Marketing;<br \/>\n <i class=\"fa fa-check\"><\/i> Consumo, H\u00e1bitos e Atitudes;<br \/>\n <i class=\"fa fa-check\"><\/i> Dimensionamento de Mercado;<br \/>\n <i class=\"fa fa-check\"><\/i> Segmenta\u00e7\u00e3o;<br \/>\n <i class=\"fa fa-check\"><\/i> Distribui\u00e7\u00e3o \/ Canais;<br \/>\n <i class=\"fa fa-check\"><\/i> Pre\u00e7o \/ Percep\u00e7\u00e3o de Valor;<br \/>\n <i class=\"fa fa-check\"><\/i> Testes de Conceito e de Produto;e<br \/>\n <i class=\"fa fa-check\"><\/i> Satisfa\u00e7\u00e3o, Lealdade e Engajamento, entre outros tipos de pesquisa.<\/p>\n<p>&nbsp;<\/p>\n<p>&nbsp;<\/p>\n<p>&nbsp;<\/p>\n<p>&nbsp;<br \/>\n <img loading=\"lazy\" decoding=\"async\" class=\" wp-image-1480 alignleft\" src=\"http:\/\/www.newsense.com.br\/portal\/wp-content\/uploads\/2015\/03\/engrenagens.png\" alt=\"engrenagens\" width=\"531\" height=\"354\" srcset=\"http:\/\/www.newsense.com.br\/portal\/wp-content\/uploads\/2015\/03\/engrenagens.png 719w, http:\/\/www.newsense.com.br\/portal\/wp-content\/uploads\/2015\/03\/engrenagens-300x200.png 300w, http:\/\/www.newsense.com.br\/portal\/wp-content\/uploads\/2015\/03\/engrenagens-480x320.png 480w, http:\/\/www.newsense.com.br\/portal\/wp-content\/uploads\/2015\/03\/engrenagens-230x153.png 230w, http:\/\/www.newsense.com.br\/portal\/wp-content\/uploads\/2015\/03\/engrenagens-350x233.png 350w\" sizes=\"auto, (max-width: 531px) 100vw, 531px\" \/><\/p>\n<p>Abordagens<\/p>\n<p>Qualitativa;<br \/>\n <i class=\"fa fa-check\"><\/i> Quantitativa;<br \/>\n <i class=\"fa fa-check\"><\/i> Observacional \/ Etnogr\u00e1fica;<br \/>\n <i class=\"fa fa-check\"><\/i> Dados Secund\u00e1rios \/ Desk Research.<\/p>\n<p>T\u00e9cnicas Qualitativas<\/p>\n<p>Focus Group (Discuss\u00f5es em Grupo);<br \/>\n <i class=\"fa fa-check\"><\/i> Entrevistas em Profundidade;<br \/>\n <i class=\"fa fa-check\"><\/i> Entrevistas Intensivas;<br \/>\n <i class=\"fa fa-check\"><\/i> Role Playing \/ T\u00e9cnicas Projetivas;<br \/>\n <i class=\"fa fa-check\"><\/i> Internet Group;<br \/>\n <i class=\"fa fa-check\"><\/i> Delphi \/ Especialistas.<\/p>\n<p>&nbsp;<\/p>\n<p>&nbsp;<\/p>\n<p>&nbsp;<\/p>\n<p>&nbsp;<\/p>\n<p><img loading=\"lazy\" decoding=\"async\" class=\" wp-image-1466 alignright\" src=\"http:\/\/www.newsense.com.br\/portal\/wp-content\/uploads\/2015\/03\/rosa.png\" alt=\"rosa\" width=\"542\" height=\"361\"><\/p>\n<p>&nbsp;<\/p>\n<p>T\u00e9cnicas Quantitativas<\/p>\n<p><i class=\"fa fa-check\"><\/i> Face a Face;<br \/>\n <i class=\"fa fa-check\"><\/i> Domiciliar;<br \/>\n <i class=\"fa fa-check\"><\/i> Intercep;<br \/>\n <i class=\"fa fa-check\"><\/i> Central Location;<br \/>\n <i class=\"fa fa-check\"><\/i> Cl\u00ednicas ;<br \/>\n <i class=\"fa fa-check\"><\/i> etc;<br \/>\n <i class=\"fa fa-check\"><\/i> CATI;<br \/>\n <i class=\"fa fa-check\"><\/i> CAPI;<br \/>\n <i class=\"fa fa-check\"><\/i> IVR;<br \/>\n <i class=\"fa fa-check\"><\/i> Palm\/handheld;<br \/>\n <i class=\"fa fa-check\"><\/i> Internet;<br \/>\n <i class=\"fa fa-check\"><\/i> Correio;<br \/>\n <i class=\"fa fa-check\"><\/i> Outras.<\/p>\n<p>&nbsp;<\/p>\n<p>&nbsp;<\/p>\n<p>&nbsp;<\/p>\n<p>&nbsp;<\/p>\n<p><img loading=\"lazy\" decoding=\"async\" class=\"wp-image-1466 alignleft\" src=\"http:\/\/www.newsense.com.br\/portal\/wp-content\/uploads\/2015\/03\/marca.png\" alt=\"marca\" width=\"543\" height=\"362\"><\/p>\n<p>T\u00e9cnicas Estat\u00edsticas utilizadas<\/p>\n<p>Posicionamento \/ Imagem;<br \/>\n <i class=\"fa fa-check\"><\/i> Descri\u00e7\u00e3o e Infer\u00eancia;<br \/>\n <i class=\"fa fa-check\"><\/i> Param\u00e9tricas e N\u00e3o Param\u00e9tricas;<br \/>\n <i class=\"fa fa-check\"><\/i> Bivariadas e Multivariadas;<br \/>\n <i class=\"fa fa-check\"><\/i> Fatorial;<br \/>\n <i class=\"fa fa-check\"><\/i> Cluster;<br \/>\n <i class=\"fa fa-check\"><\/i> Multi Dimensional Scaling;<br \/>\n <i class=\"fa fa-check\"><\/i> Conjoint Analysis;<br \/>\n <i class=\"fa fa-check\"><\/i> Correspondence Analysis;<br \/>\n <i class=\"fa fa-check\"><\/i> Discriminant Analysis;<br \/>\n <i class=\"fa fa-check\"><\/i> Logistic Regression;<br \/>\n <i class=\"fa fa-check\"><\/i> Logit e Probit;<br \/>\n <i class=\"fa fa-check\"><\/i> Equa\u00e7\u00f5es Estruturais;<br \/>\n <i class=\"fa fa-check\"><\/i> Etc.<br \/>\n &nbsp;<\/p>\n<p><span style=\"color: #c0c0c0;\"><a href=\"http:\/\/www.newsense.com.br\/portal\/nuc-marketing\/ \"><span style=\"color: #c0c0c0;\">Marketing<\/span><\/a><\/span><\/p>\n","protected":false},"excerpt":{"rendered":"<p>Pesquisa de Marketing Social Desenvolvemos projetos de pesquisa e consultoria em todo espectro de atua\u00e7\u00e3o de marketing e comunica\u00e7\u00e3o, com uma abordagem generalista, integrada e customizada: &nbsp; Posicionamento \/ Imagem; Propaganda \/ Comunica\u00e7\u00e3o; Marca \/ Brand Equity; Trade Marketing; Consumo, H\u00e1bitos e Atitudes; Dimensionamento de Mercado; Segmenta\u00e7\u00e3o; Distribui\u00e7\u00e3o \/ Canais; Pre\u00e7o \/ Percep\u00e7\u00e3o de Valor; [&hellip;]<\/p>\n","protected":false},"author":1,"featured_media":0,"parent":0,"menu_order":0,"comment_status":"closed","ping_status":"closed","template":"page-templates\/page_front-page.php","meta":{"footnotes":""},"class_list":["post-803","page","type-page","status-publish","hentry"],"_links":{"self":[{"href":"http:\/\/www.newsense.com.br\/portal\/wp-json\/wp\/v2\/pages\/803","targetHints":{"allow":["GET"]}}],"collection":[{"href":"http:\/\/www.newsense.com.br\/portal\/wp-json\/wp\/v2\/pages"}],"about":[{"href":"http:\/\/www.newsense.com.br\/portal\/wp-json\/wp\/v2\/types\/page"}],"author":[{"embeddable":true,"href":"http:\/\/www.newsense.com.br\/portal\/wp-json\/wp\/v2\/users\/1"}],"replies":[{"embeddable":true,"href":"http:\/\/www.newsense.com.br\/portal\/wp-json\/wp\/v2\/comments?post=803"}],"version-history":[{"count":55,"href":"http:\/\/www.newsense.com.br\/portal\/wp-json\/wp\/v2\/pages\/803\/revisions"}],"predecessor-version":[{"id":1618,"href":"http:\/\/www.newsense.com.br\/portal\/wp-json\/wp\/v2\/pages\/803\/revisions\/1618"}],"wp:attachment":[{"href":"http:\/\/www.newsense.com.br\/portal\/wp-json\/wp\/v2\/media?parent=803"}],"curies":[{"name":"wp","href":"https:\/\/api.w.org\/{rel}","templated":true}]}}