{"id":814,"date":"2015-03-19T15:30:52","date_gmt":"2015-03-19T15:30:52","guid":{"rendered":"http:\/\/www.newsense.com.br\/portal\/?page_id=814"},"modified":"2016-04-29T17:16:32","modified_gmt":"2016-04-29T17:16:32","slug":"planejamento-de-marketing","status":"publish","type":"page","link":"http:\/\/www.newsense.com.br\/portal\/planejamento-de-marketing\/","title":{"rendered":"Planejamento de Marketing"},"content":{"rendered":"<h6 class=\"widget-title\"><\/h6>\n<h3 class=\"widget-title\">Planejamento de Marketing<\/h3>\n<p style=\"text-align: left; padding-left: 15%;\"><a href=\"http:\/\/www.newsense.com.br\/portal\/wp-content\/uploads\/2013\/09\/planejamento-de-marketing-digital.png\"><img loading=\"lazy\" decoding=\"async\" class=\"wp-image-1521 alignright\" src=\"http:\/\/www.newsense.com.br\/portal\/wp-content\/uploads\/2013\/09\/planejamento-de-marketing-digital.png\" alt=\"planejamento-de-marketing-digital\" width=\"436\" height=\"237\" srcset=\"http:\/\/www.newsense.com.br\/portal\/wp-content\/uploads\/2013\/09\/planejamento-de-marketing-digital.png 866w, http:\/\/www.newsense.com.br\/portal\/wp-content\/uploads\/2013\/09\/planejamento-de-marketing-digital-300x163.png 300w, http:\/\/www.newsense.com.br\/portal\/wp-content\/uploads\/2013\/09\/planejamento-de-marketing-digital-480x261.png 480w, http:\/\/www.newsense.com.br\/portal\/wp-content\/uploads\/2013\/09\/planejamento-de-marketing-digital-830x450.png 830w, http:\/\/www.newsense.com.br\/portal\/wp-content\/uploads\/2013\/09\/planejamento-de-marketing-digital-230x125.png 230w, http:\/\/www.newsense.com.br\/portal\/wp-content\/uploads\/2013\/09\/planejamento-de-marketing-digital-350x190.png 350w\" sizes=\"auto, (max-width: 436px) 100vw, 436px\" \/><\/a><\/p>\n<p><i class=\"fa fa-check\"><\/i>\u00a0Desenvolvimento de Planos de Marketing.<br \/>\n<i class=\"fa fa-check\"><\/i> Estudos de Posicionamento de Mercado. Planejamento de For\u00e7a de Vendas.<br \/>\n<i class=\"fa fa-check\"><\/i> Estudos de Segmenta\u00e7\u00e3o de Mercado.<br \/>\n<i class=\"fa fa-check\"><\/i> Estudos de Potencial de Mercado \/ An\u00e1lises Setoriais.<br \/>\n<i class=\"fa fa-check\"><\/i> Planejamento de Novos Produtos.<br \/>\n<i class=\"fa fa-check\"><\/i> Planejamento de Comunica\u00e7\u00e3o.<br \/>\n<i class=\"fa fa-check\"><\/i> Estudos de Log\u00edstica e Distribui\u00e7\u00e3o.<br \/>\n<i class=\"fa fa-check\"><\/i> Estudos de Avalia\u00e7\u00e3o de Pre\u00e7os.<br \/>\n<i class=\"fa fa-check\"><\/i> etc.<\/p>\n<p>&nbsp;<\/p>\n<p><span style=\"color: #c0c0c0;\"><a href=\"http:\/\/www.newsense.com.br\/portal\/nuc-marketing\/ \"><span style=\"color: #c0c0c0;\">Marketing<\/span><\/a><\/span><\/p>\n","protected":false},"excerpt":{"rendered":"<p>Planejamento de Marketing \u00a0Desenvolvimento de Planos de Marketing. Estudos de Posicionamento de Mercado. Planejamento de For\u00e7a de Vendas. Estudos de Segmenta\u00e7\u00e3o de Mercado. Estudos de Potencial de Mercado \/ An\u00e1lises Setoriais. Planejamento de Novos Produtos. Planejamento de Comunica\u00e7\u00e3o. Estudos de Log\u00edstica e Distribui\u00e7\u00e3o. Estudos de Avalia\u00e7\u00e3o de Pre\u00e7os. etc. &nbsp; Marketing<\/p>\n","protected":false},"author":1,"featured_media":0,"parent":0,"menu_order":0,"comment_status":"closed","ping_status":"closed","template":"page-templates\/page_front-page.php","meta":{"footnotes":""},"class_list":["post-814","page","type-page","status-publish","hentry"],"_links":{"self":[{"href":"http:\/\/www.newsense.com.br\/portal\/wp-json\/wp\/v2\/pages\/814","targetHints":{"allow":["GET"]}}],"collection":[{"href":"http:\/\/www.newsense.com.br\/portal\/wp-json\/wp\/v2\/pages"}],"about":[{"href":"http:\/\/www.newsense.com.br\/portal\/wp-json\/wp\/v2\/types\/page"}],"author":[{"embeddable":true,"href":"http:\/\/www.newsense.com.br\/portal\/wp-json\/wp\/v2\/users\/1"}],"replies":[{"embeddable":true,"href":"http:\/\/www.newsense.com.br\/portal\/wp-json\/wp\/v2\/comments?post=814"}],"version-history":[{"count":20,"href":"http:\/\/www.newsense.com.br\/portal\/wp-json\/wp\/v2\/pages\/814\/revisions"}],"predecessor-version":[{"id":2036,"href":"http:\/\/www.newsense.com.br\/portal\/wp-json\/wp\/v2\/pages\/814\/revisions\/2036"}],"wp:attachment":[{"href":"http:\/\/www.newsense.com.br\/portal\/wp-json\/wp\/v2\/media?parent=814"}],"curies":[{"name":"wp","href":"https:\/\/api.w.org\/{rel}","templated":true}]}}