{"id":823,"date":"2015-03-19T15:41:21","date_gmt":"2015-03-19T15:41:21","guid":{"rendered":"http:\/\/www.newsense.com.br\/portal\/?page_id=823"},"modified":"2015-11-18T13:28:20","modified_gmt":"2015-11-18T13:28:20","slug":"desenvolvimento-organizacional","status":"publish","type":"page","link":"http:\/\/www.newsense.com.br\/portal\/desenvolvimento-organizacional\/","title":{"rendered":"Desenvolvimento Organizacional"},"content":{"rendered":"<h3 class=\"widget-title\">Desenvolvimento Organizacional<\/h3>\n<p style=\"padding-left: 15%;\"><img loading=\"lazy\" decoding=\"async\" class=\"wp-image-1391 alignleft\" src=\"http:\/\/www.newsense.com.br\/portal\/wp-content\/uploads\/2015\/03\/relogio-de-sol.png\" alt=\"relogio-de-sol\" width=\"409\" height=\"294\" srcset=\"http:\/\/www.newsense.com.br\/portal\/wp-content\/uploads\/2015\/03\/relogio-de-sol.png 735w, http:\/\/www.newsense.com.br\/portal\/wp-content\/uploads\/2015\/03\/relogio-de-sol-300x216.png 300w, http:\/\/www.newsense.com.br\/portal\/wp-content\/uploads\/2015\/03\/relogio-de-sol-480x345.png 480w, http:\/\/www.newsense.com.br\/portal\/wp-content\/uploads\/2015\/03\/relogio-de-sol-230x165.png 230w, http:\/\/www.newsense.com.br\/portal\/wp-content\/uploads\/2015\/03\/relogio-de-sol-350x251.png 350w\" sizes=\"auto, (max-width: 409px) 100vw, 409px\" \/><\/p>\n<p><i class=\"fa fa-check\"><\/i>Desenvolvimento Organizacional.<br \/>\n<i class=\"fa fa-check\"><\/i> Orienta\u00e7\u00e3o e Programas de Qualidade.<br \/>\n<i class=\"fa fa-check\"><\/i> Planos de Desenvolvimento Institucional.<br \/>\n<i class=\"fa fa-check\"><\/i> Levantamento, An\u00e1lise e Desenvolvimento de Processos de Trabalho.<br \/>\n<i class=\"fa fa-check\"><\/i> Estudos de Valores e Cultura da Organiza\u00e7\u00e3o.<br \/>\n<i class=\"fa fa-check\"><\/i> Sustentabilidade.<br \/>\n<i class=\"fa fa-check\"><\/i> Responsabilidade Social.<br \/>\n<i class=\"fa fa-check\"><\/i> Governan\u00e7a Corporativa.<br \/>\n<i class=\"fa fa-check\"><\/i> Certifica\u00e7\u00f5es ISO 9000, ISO 14000, OHSAS 18000 etc.<\/p>\n<p style=\"padding-left: 15%;\">\n","protected":false},"excerpt":{"rendered":"<p>Desenvolvimento Organizacional Desenvolvimento Organizacional. Orienta\u00e7\u00e3o e Programas de Qualidade. Planos de Desenvolvimento Institucional. Levantamento, An\u00e1lise e Desenvolvimento de Processos de Trabalho. Estudos de Valores e Cultura da Organiza\u00e7\u00e3o. Sustentabilidade. Responsabilidade Social. Governan\u00e7a Corporativa. Certifica\u00e7\u00f5es ISO 9000, ISO 14000, OHSAS 18000 etc.<\/p>\n","protected":false},"author":1,"featured_media":0,"parent":0,"menu_order":0,"comment_status":"closed","ping_status":"closed","template":"page-templates\/page_front-page.php","meta":{"footnotes":""},"class_list":["post-823","page","type-page","status-publish","hentry"],"_links":{"self":[{"href":"http:\/\/www.newsense.com.br\/portal\/wp-json\/wp\/v2\/pages\/823","targetHints":{"allow":["GET"]}}],"collection":[{"href":"http:\/\/www.newsense.com.br\/portal\/wp-json\/wp\/v2\/pages"}],"about":[{"href":"http:\/\/www.newsense.com.br\/portal\/wp-json\/wp\/v2\/types\/page"}],"author":[{"embeddable":true,"href":"http:\/\/www.newsense.com.br\/portal\/wp-json\/wp\/v2\/users\/1"}],"replies":[{"embeddable":true,"href":"http:\/\/www.newsense.com.br\/portal\/wp-json\/wp\/v2\/comments?post=823"}],"version-history":[{"count":17,"href":"http:\/\/www.newsense.com.br\/portal\/wp-json\/wp\/v2\/pages\/823\/revisions"}],"predecessor-version":[{"id":2520,"href":"http:\/\/www.newsense.com.br\/portal\/wp-json\/wp\/v2\/pages\/823\/revisions\/2520"}],"wp:attachment":[{"href":"http:\/\/www.newsense.com.br\/portal\/wp-json\/wp\/v2\/media?parent=823"}],"curies":[{"name":"wp","href":"https:\/\/api.w.org\/{rel}","templated":true}]}}