{"id":8,"date":"2015-03-09T10:34:11","date_gmt":"2015-03-09T10:34:11","guid":{"rendered":"http:\/\/demo.athemes.com\/sydney\/?page_id=8"},"modified":"2020-09-17T09:35:31","modified_gmt":"2020-09-17T09:35:31","slug":"my-front-page","status":"publish","type":"page","link":"https:\/\/www.newsense.com.br\/portal\/","title":{"rendered":"HOME"},"content":{"rendered":"<div id=\"pl-8\" class=\"panel-layout\">\n<div id=\"pg-8-0\" class=\"panel-grid panel-has-style\" data-style=\"{&quot;row_stretch&quot;:&quot;full-stretched&quot;,&quot;align&quot;:&quot;&quot;,&quot;overlay&quot;:&quot;&quot;}\">\n<div class=\"siteorigin-panels-stretch panel-row-style panel-row-style-for-8-0\" style=\"padding: 100px 0;\" data-stretch-type=\"full-stretched\" data-overlay=\"true\">\n<div id=\"pgc-8-0-0\" class=\"panel-grid-cell\" data-weight=\"1\">\n<div id=\"panel-8-0-0-0\" class=\"so-panel widget widget_sydney_services_type_a sydney_services_widget panel-first-child panel-last-child\" data-index=\"0\" data-style=\"{&quot;background_display&quot;:&quot;tile&quot;}\">\n<h3 class=\"widget-title\">Nossa atua\u00e7\u00e3o<\/h3>\n<div class=\"service col-md-4\">\n<div class=\"roll-icon-box\">\n<div class=\"icon\">\u00a0<\/div>\n<div class=\"content\">\n<h3><strong><a href=\"http:\/\/www.newsense.com.br\/portal\/recursos-humanos\/\">Consultoria e Capacita\u00e7\u00e3o<\/a><\/strong><\/h3>\n<p style=\"text-align: center;\">Atuamos em consultoria nas \u00e1reas de marketing, recursos humanos e estrat\u00e9gia, aplicando teorias, metodologias e t\u00e9cnicas avan\u00e7adas adequadas \u00e0 necessidade espec\u00edfica de cada cliente.<\/p>\n<p style=\"text-align: center;\">Suprimos tamb\u00e9m a necessidade de capacita\u00e7\u00e3o gerencial das equipes envolvidas nos projetos de consultoria, visando n\u00e3o s\u00f3 a excel\u00eancia no desenvolvimento conjunto dos trabalhos mas a transfer\u00eancia de conhecimento e autonomia de nossos clientes no futuro.<\/p>\n<p style=\"text-align: center;\">.<\/p>\n<\/div>\n<p><!--.info--><\/p>\n<\/div>\n<\/div>\n<div class=\"service col-md-4\">\n<div class=\"roll-icon-box\">\n<div class=\"icon\">\u00a0<\/div>\n<div class=\"content\">\n<h3><strong><a href=\"http:\/\/www.newsense.com.br\/portal\/nuc-marketing\/\">Pesquisa<\/a><\/strong><\/h3>\n<p style=\"text-align: center;\">A NewSense possui as solu\u00e7\u00f5es para seus desafios de pesquisa de marketing, recursos humanos e opini\u00e3o, com uma abordagem totalmente planejada e focadas nas necessidades espec\u00edficas e caracter\u00edsticas \u00fanicas de sua empresa al\u00e9m do design de m\u00e9tricas e indicadores para as principais \u00e1reas de decis\u00e3o e interven\u00e7\u00e3o. Desenvolvemos abordagens de pesquisa integradas entre as \u00e1reas de marketing e recursos humanos para a orienta\u00e7\u00e3o e melhor performance da organiza\u00e7\u00e3o e apoiamos a utiliza\u00e7\u00e3o das informa\u00e7\u00f5es obtidas na solu\u00e7\u00e3o dos desafios de nosso clientes.<\/p>\n<\/div>\n<p><!--.info--><\/p>\n<\/div>\n<\/div>\n<div class=\"service col-md-4\">\n<div class=\"roll-icon-box\">\n<div class=\"icon\">\u00a0<\/div>\n<div class=\"content\">\n<h3><strong><a href=\"http:\/\/www.newsense.com.br\/portal\/gestao-estrategica\/\">Gest\u00e3o Estrat\u00e9gica<\/a><\/strong><\/h3>\n<p style=\"text-align: center;\">Apoiamos a empresa em seu planejamento estrat\u00e9gico e competitivo e na estrutura\u00e7\u00e3o de suas orienta\u00e7\u00f5es institucional, organizacional e instrumental.\u00a0\u00a0 Suportamos no n\u00edvel corporativo e departamental o processo de an\u00e1lise, planejamento, implanta\u00e7\u00e3o e controle.<\/p>\n<\/div>\n<p><!--.info--><\/p>\n<\/div>\n<\/div>\n<p><a class=\"roll-button more-button\" href=\"http:\/\/www.newsense.com.br\/portal\/diferenciais\/\">Diferenciais NewSense<\/a><\/p>\n<\/div>\n<\/div>\n<\/div>\n<\/div>\n<div id=\"pg-8-1\" class=\"panel-grid panel-has-style\" data-style=\"{&quot;padding&quot;:&quot;10px&quot;,&quot;bottom_border&quot;:&quot;#0a0a0a&quot;,&quot;align&quot;:true,&quot;overlay&quot;:&quot;&quot;}\">\n<div class=\"panel-row-style panel-row-style-for-8-1\" style=\"border-bottom: 1px solid #0a0a0a; text-align: center; padding: 10px 0;\" data-overlay=\"true\">\n<div id=\"pgc-8-1-0\" class=\"panel-grid-cell\" data-weight=\"1\">\n<div id=\"panel-8-1-0-0\" class=\"so-panel widget widget_recent-posts widget_recent_entries panel-first-child\" data-index=\"1\" data-style=\"{&quot;background_display&quot;:&quot;tile&quot;}\">\n<h3 class=\"widget-title\">Artigos<\/h3>\n<p><a href=\"http:\/\/www.newsense.com.br\/portal\/pesquisa-de-mercado-abreme-newsense-2016\/\">Pesquisa de Mercado Abreme-NewSense 2016<\/a><\/p>\n<p><a href=\"http:\/\/www.newsense.com.br\/portal\/recursos-humanos-e-geometria\/\">Recursos Humanos e Geometria<\/a><\/p>\n<p><a href=\"http:\/\/www.newsense.com.br\/portal\/mobile-do-turismo\/\">Mobile do Turismo<\/a><\/p>\n<\/div>\n<div id=\"panel-8-1-0-1\" class=\"so-panel widget widget_text panel-last-child\" data-index=\"2\" data-style=\"{&quot;background_display&quot;:&quot;tile&quot;}\">\n<div class=\"textwidget\"><a class=\"roll-button more-button\" href=\"http:\/\/www.newsense.com.br\/portal\/category\/post\/\">Veja mais Artigos<\/a><\/div>\n<\/div>\n<\/div>\n<\/div>\n<\/div>\n<\/div>\n\n\n<p><\/p>\n","protected":false},"excerpt":{"rendered":"<p>Nossa atua\u00e7\u00e3o \u00a0 Consultoria e Capacita\u00e7\u00e3o Atuamos em consultoria nas \u00e1reas de marketing, recursos humanos e estrat\u00e9gia, aplicando teorias, metodologias e t\u00e9cnicas avan\u00e7adas adequadas \u00e0 necessidade espec\u00edfica de cada cliente. Suprimos tamb\u00e9m a necessidade de capacita\u00e7\u00e3o gerencial das equipes envolvidas nos projetos de consultoria, visando n\u00e3o s\u00f3 a excel\u00eancia no desenvolvimento conjunto dos trabalhos mas [&hellip;]<\/p>\n","protected":false},"author":1,"featured_media":0,"parent":0,"menu_order":0,"comment_status":"closed","ping_status":"open","template":"page-templates\/page_front-page.php","meta":{"footnotes":""},"class_list":["post-8","page","type-page","status-publish","hentry"],"_links":{"self":[{"href":"https:\/\/www.newsense.com.br\/portal\/wp-json\/wp\/v2\/pages\/8","targetHints":{"allow":["GET"]}}],"collection":[{"href":"https:\/\/www.newsense.com.br\/portal\/wp-json\/wp\/v2\/pages"}],"about":[{"href":"https:\/\/www.newsense.com.br\/portal\/wp-json\/wp\/v2\/types\/page"}],"author":[{"embeddable":true,"href":"https:\/\/www.newsense.com.br\/portal\/wp-json\/wp\/v2\/users\/1"}],"replies":[{"embeddable":true,"href":"https:\/\/www.newsense.com.br\/portal\/wp-json\/wp\/v2\/comments?post=8"}],"version-history":[{"count":86,"href":"https:\/\/www.newsense.com.br\/portal\/wp-json\/wp\/v2\/pages\/8\/revisions"}],"predecessor-version":[{"id":2529,"href":"https:\/\/www.newsense.com.br\/portal\/wp-json\/wp\/v2\/pages\/8\/revisions\/2529"}],"wp:attachment":[{"href":"https:\/\/www.newsense.com.br\/portal\/wp-json\/wp\/v2\/media?parent=8"}],"curies":[{"name":"wp","href":"https:\/\/api.w.org\/{rel}","templated":true}]}}