{"id":929,"date":"2015-10-19T12:54:42","date_gmt":"2015-10-19T12:54:42","guid":{"rendered":"http:\/\/www.newsense.com.br\/portal\/?page_id=929"},"modified":"2020-09-17T09:33:47","modified_gmt":"2020-09-17T09:33:47","slug":"noticias","status":"publish","type":"page","link":"https:\/\/www.newsense.com.br\/portal\/noticias\/","title":{"rendered":"Not\u00edcias"},"content":{"rendered":"<h3 class=\"widget-title\">Artigos<\/h3>\n<p><a title=\"Estrat\u00e9gia em Eventos Corporativos\" href=\"http:\/\/www.newsense.com.br\/portal\/estrategia-em-eventos-corporativos\/\"><br \/><img loading=\"lazy\" decoding=\"async\" class=\"attachment-sydney-medium-thumb  wp-post-image\" src=\"http:\/\/www.newsense.com.br\/portal\/wp-content\/uploads\/2015\/12\/evento-corporativo-550x400.jpg\" alt=\"evento corporativo\" width=\"397\" height=\"289\" \/> <\/a><\/p>\n<h4 class=\"entry-title\"><a href=\"http:\/\/www.newsense.com.br\/portal\/estrategia-em-eventos-corporativos\/\" rel=\"bookmark\">Estrat\u00e9gia em Eventos Corporativos<\/a><\/h4>\n<p>A NewSense realizou um trabalho explorat\u00f3rio sobre o mercado de Eventos Corporativos. As tend\u00eancias de expans\u00e3o deste mercado se orientam em tr\u00eas aspectos principais: a especializa\u00e7\u00e3o por tipo de p\u00fablico, onde a demanda por eventos mais segmentados em termos de perfil deve aumentar, exigindo das empresas um conhecimento mais espec\u00edfico; o foco em atividades de [\u2026]\u00a0<\/p>\n<p><a title=\"Artigos\" href=\"http:\/\/www.newsense.com.br\/portal\/lorem-ipsum\/\"><br \/><img loading=\"lazy\" decoding=\"async\" class=\"attachment-sydney-medium-thumb size-sydney-medium-thumb wp-post-image\" src=\"http:\/\/www.newsense.com.br\/portal\/wp-content\/uploads\/2013\/09\/img-know2.jpg\" sizes=\"auto, (max-width: 301px) 100vw, 301px\" srcset=\"http:\/\/www.newsense.com.br\/portal\/wp-content\/uploads\/2013\/09\/img-know2-300x186.jpg 300w, http:\/\/www.newsense.com.br\/portal\/wp-content\/uploads\/2013\/09\/img-know2.jpg 301w\" alt=\"img-know2\" width=\"301\" height=\"187\" \/> <\/a><\/p>\n<h4 class=\"entry-title\"><a href=\"http:\/\/www.newsense.com.br\/portal\/atividade-intuitiva\/\" rel=\"bookmark\">Atividade Intuitiva<\/a><\/h4>\n<p>Aparentemente realizar uma pesquisa \u00e9 uma atividade intuitiva [&#8230;]<\/p>\n<p><a title=\"Emo\u00e7\u00e3o \u00e9 (quase) tudo\" href=\"http:\/\/www.newsense.com.br\/portal\/lorem-ipsum-2\/\"><img loading=\"lazy\" decoding=\"async\" class=\"attachment-sydney-medium-thumb  wp-post-image\" src=\"http:\/\/www.newsense.com.br\/portal\/wp-content\/uploads\/2013\/10\/Cooking_secrets.jpg\" sizes=\"auto, (max-width: 533px) 100vw, 533px\" srcset=\"http:\/\/www.newsense.com.br\/portal\/wp-content\/uploads\/2013\/10\/Cooking_secrets-300x225.jpg 300w, http:\/\/www.newsense.com.br\/portal\/wp-content\/uploads\/2013\/10\/Cooking_secrets-1024x768.jpg 1024w, http:\/\/www.newsense.com.br\/portal\/wp-content\/uploads\/2013\/10\/Cooking_secrets.jpg 1600w\" alt=\"Cooking_secrets\" width=\"477\" height=\"358\" \/> <\/a><\/p>\n<h4 class=\"entry-title\"><a href=\"http:\/\/www.newsense.com.br\/portal\/lorem-ipsum-2\/\" rel=\"bookmark\">Emo\u00e7\u00e3o \u00e9 (quase) tudo<\/a><\/h4>\n<p>O ser humano se relaciona com o mundo atrav\u00e9s de elementos racionais, emocionais e comportamentais.<\/p>\n<p><a class=\"roll-button more-button\" href=\"http:\/\/www.newsense.com.br\/portal\/category\/post\/\">Outros Artigos<\/a><\/p>\n\n\n<p><\/p>\n","protected":false},"excerpt":{"rendered":"<p>Artigos Estrat\u00e9gia em Eventos Corporativos A NewSense realizou um trabalho explorat\u00f3rio sobre o mercado de Eventos Corporativos. As tend\u00eancias de expans\u00e3o deste mercado se orientam em tr\u00eas aspectos principais: a especializa\u00e7\u00e3o por tipo de p\u00fablico, onde a demanda por eventos mais segmentados em termos de perfil deve aumentar, exigindo das empresas um conhecimento mais espec\u00edfico; [&hellip;]<\/p>\n","protected":false},"author":1,"featured_media":0,"parent":0,"menu_order":0,"comment_status":"open","ping_status":"open","template":"page-templates\/page_front-page.php","meta":{"footnotes":""},"class_list":["post-929","page","type-page","status-publish","hentry"],"_links":{"self":[{"href":"https:\/\/www.newsense.com.br\/portal\/wp-json\/wp\/v2\/pages\/929","targetHints":{"allow":["GET"]}}],"collection":[{"href":"https:\/\/www.newsense.com.br\/portal\/wp-json\/wp\/v2\/pages"}],"about":[{"href":"https:\/\/www.newsense.com.br\/portal\/wp-json\/wp\/v2\/types\/page"}],"author":[{"embeddable":true,"href":"https:\/\/www.newsense.com.br\/portal\/wp-json\/wp\/v2\/users\/1"}],"replies":[{"embeddable":true,"href":"https:\/\/www.newsense.com.br\/portal\/wp-json\/wp\/v2\/comments?post=929"}],"version-history":[{"count":16,"href":"https:\/\/www.newsense.com.br\/portal\/wp-json\/wp\/v2\/pages\/929\/revisions"}],"predecessor-version":[{"id":2527,"href":"https:\/\/www.newsense.com.br\/portal\/wp-json\/wp\/v2\/pages\/929\/revisions\/2527"}],"wp:attachment":[{"href":"https:\/\/www.newsense.com.br\/portal\/wp-json\/wp\/v2\/media?parent=929"}],"curies":[{"name":"wp","href":"https:\/\/api.w.org\/{rel}","templated":true}]}}