{"id":933,"date":"2015-10-19T12:56:11","date_gmt":"2015-10-19T12:56:11","guid":{"rendered":"http:\/\/www.newsense.com.br\/portal\/?page_id=933"},"modified":"2020-09-17T09:04:58","modified_gmt":"2020-09-17T09:04:58","slug":"contatos-2","status":"publish","type":"page","link":"https:\/\/www.newsense.com.br\/portal\/contatos-2\/","title":{"rendered":"Contato"},"content":{"rendered":"<div id=\"pl-933\" class=\"panel-layout\">\n<div id=\"pg-933-0\" class=\"panel-grid panel-has-style\" data-style=\"{&quot;align&quot;:&quot;&quot;,&quot;overlay&quot;:&quot;&quot;}\">\n<div class=\"panel-row-style panel-row-style-for-933-0\" style=\"padding: 100px 0;\" data-overlay=\"true\">\n<div id=\"pgc-933-0-0\" class=\"panel-grid-cell\" data-weight=\"1\">\n<div id=\"panel-933-0-0-0\" class=\"so-panel widget widget_text panel-first-child panel-last-child\" data-index=\"0\" data-style=\"{&quot;background_image_attachment&quot;:false,&quot;background_display&quot;:&quot;tile&quot;,&quot;content_alignment&quot;:&quot;left&quot;,&quot;title_color&quot;:&quot;#443f3f&quot;,&quot;headings_color&quot;:&quot;#443f3f&quot;}\">\n<div class=\"panel-widget-style panel-widget-style-for-933-0-0-0\" style=\"text-align: left;\" data-title-color=\"#443f3f\" data-headings-color=\"#443f3f\">\n<h3 class=\"widget-title\">Contato<\/h3>\n<div class=\"textwidget\">\n<p style=\"text-align: center;\">A NewSense quer dividir com seus clientes o desafio de buscar solu\u00e7\u00f5es nas \u00e1reas de Marketing, Comunica\u00e7\u00e3o, Recursos Humanos e Gest\u00e3o Estrat\u00e9gica.<\/p>\n<p style=\"text-align: center;\">Se voc\u00ea julga que sua empresa enfrenta desafios onde conhecimento, experi\u00eancia, talento e dedica\u00e7\u00e3o s\u00e3o imprescind\u00edveis, aprecie a seguir a abordagem desenvolvida por n\u00f3s para atender \u00e0 sua demanda.<\/p>\n<p style=\"text-align: center;\"><iframe loading=\"lazy\" src=\"https:\/\/www.vcita.com\/widgets\/contact_form\/268619cbcc785fbc?ver=2\" width=\"100%\" height=\"450px\" frameborder=\"0\" scrolling=\"no\">Please contact me via my contact form at vCita:  <a href=\"https:\/\/www.vcita.com\/v\/268619cbcc785fbc\/contact?invite=vr_cf_pb-268619cbcc785fbc\">Contact Form for NewSense Empresa<\/a><\/p>\n<p><\/iframe><\/p>\n<p style=\"text-align: center;\">\n<p style=\"text-align: center;\"><strong>55 \u00a011 \u00a097676-5651<\/strong><\/p>\n<p style=\"text-align: center;\">newsense@newsense.com.br<\/p>\n<p style=\"text-align: center;\"><span style=\"color: #000000; font-size: 1.2em; line-height: 1.5em;\">Envie seu curriculo para \u00a0<strong>talentos@newsense.com.br<\/strong><\/span><\/p>\n<\/div>\n<\/div>\n<\/div>\n<\/div>\n<\/div>\n<\/div>\n<\/div>\n","protected":false},"excerpt":{"rendered":"<p>Contato A NewSense quer dividir com seus clientes o desafio de buscar solu\u00e7\u00f5es nas \u00e1reas de Marketing, Comunica\u00e7\u00e3o, Recursos Humanos e Gest\u00e3o Estrat\u00e9gica. Se voc\u00ea julga que sua empresa enfrenta desafios onde conhecimento, experi\u00eancia, talento e dedica\u00e7\u00e3o s\u00e3o imprescind\u00edveis, aprecie a seguir a abordagem desenvolvida por n\u00f3s para atender \u00e0 sua demanda. Please contact me [&hellip;]<\/p>\n","protected":false},"author":1,"featured_media":0,"parent":0,"menu_order":0,"comment_status":"closed","ping_status":"open","template":"page-templates\/page_front-page.php","meta":{"footnotes":""},"class_list":["post-933","page","type-page","status-publish","hentry"],"_links":{"self":[{"href":"https:\/\/www.newsense.com.br\/portal\/wp-json\/wp\/v2\/pages\/933","targetHints":{"allow":["GET"]}}],"collection":[{"href":"https:\/\/www.newsense.com.br\/portal\/wp-json\/wp\/v2\/pages"}],"about":[{"href":"https:\/\/www.newsense.com.br\/portal\/wp-json\/wp\/v2\/types\/page"}],"author":[{"embeddable":true,"href":"https:\/\/www.newsense.com.br\/portal\/wp-json\/wp\/v2\/users\/1"}],"replies":[{"embeddable":true,"href":"https:\/\/www.newsense.com.br\/portal\/wp-json\/wp\/v2\/comments?post=933"}],"version-history":[{"count":12,"href":"https:\/\/www.newsense.com.br\/portal\/wp-json\/wp\/v2\/pages\/933\/revisions"}],"predecessor-version":[{"id":2515,"href":"https:\/\/www.newsense.com.br\/portal\/wp-json\/wp\/v2\/pages\/933\/revisions\/2515"}],"wp:attachment":[{"href":"https:\/\/www.newsense.com.br\/portal\/wp-json\/wp\/v2\/media?parent=933"}],"curies":[{"name":"wp","href":"https:\/\/api.w.org\/{rel}","templated":true}]}}