{"id":937,"date":"2015-10-19T12:57:37","date_gmt":"2015-10-19T12:57:37","guid":{"rendered":"http:\/\/www.newsense.com.br\/portal\/?page_id=937"},"modified":"2018-07-30T22:42:52","modified_gmt":"2018-07-30T22:42:52","slug":"new-sense","status":"publish","type":"page","link":"https:\/\/www.newsense.com.br\/portal\/new-sense\/","title":{"rendered":"NewSense"},"content":{"rendered":"<p><img decoding=\"async\" class=\"alignright\" src=\"http:\/\/www.newsense.com.br\/portal\/wp-content\/uploads\/2013\/10\/baloes-e1532990545424.png\"><\/p>\n<p>&nbsp;<\/p>\n<p>A NewSense tem como miss\u00e3o trazer solu\u00e7\u00f5es aos desafios de Marketing Comunica\u00e7\u00e3o, Recursos Humanos e Gest\u00e3o Estrat\u00e9gica de seus clientes com aplica\u00e7\u00e3o de conhecimento, experi\u00eancia e talento em uma abordagem clara, franca e inovadora.<\/p>\n<p>Atuando em Pesquisa, Consultoria e Capacita\u00e7\u00e3o de maneira integrada, a NewSense \u00e9&nbsp;formada por profissionais com mais de 30 anos de experi\u00eancia no mercado, aliando&nbsp;profunda forma\u00e7\u00e3o acad\u00eamica e imenso prazer pelo trabalho que desenvolvem.<\/p>\n<p>A NewSense se diferencia ao considerar as seguintes orienta\u00e7\u00f5es:<\/p>\n<p>M<img loading=\"lazy\" decoding=\"async\" class=\" wp-image-1235 alignleft\" src=\"http:\/\/www.newsense.com.br\/portal\/wp-content\/uploads\/2015\/10\/rosa-286x300.png\" alt=\"rosa\" width=\"251\" height=\"263\" srcset=\"https:\/\/www.newsense.com.br\/portal\/wp-content\/uploads\/2015\/10\/rosa-286x300.png 286w, https:\/\/www.newsense.com.br\/portal\/wp-content\/uploads\/2015\/10\/rosa-230x241.png 230w, https:\/\/www.newsense.com.br\/portal\/wp-content\/uploads\/2015\/10\/rosa-350x367.png 350w, https:\/\/www.newsense.com.br\/portal\/wp-content\/uploads\/2015\/10\/rosa.png 418w\" sizes=\"auto, (max-width: 251px) 100vw, 251px\" \/>ultidisciplinar: O contexto deve ser analisado numa vis\u00e3o hol\u00edstica e global. A NewSense&nbsp;trabalha com equipes multidisciplinares adequadas ao problema desde seu diagn\u00f3stico at\u00e9&nbsp;sua solul\u00e7\u00e3o.<\/p>\n<p>Multit\u00e9cnica: Vasto arsenal t\u00e9cnico, onde para um determinado problema aplicam-se t\u00e9cnicas&nbsp;avan\u00e7adas, numa postira que visa a triangula\u00e7\u00e3o e converg\u00eancia de resultados.<\/p>\n<p>Multivariadas: Os processos estudados n\u00e3o se resumem a fen\u00f4menos isolados mas sim s\u00e3o determinados,de modo integrado pela consifera\u00e7\u00e3o e intera\u00e7\u00e3o de todas as vari\u00e1veis participantes do contexto . Dessa maneira,&nbsp;a realidade do cliente tem de ser estudada de todas as suas dimens\u00f5es e rela\u00e7\u00f5es.<\/p>\n<p>Recursos humanos: Com vincula\u00e7\u00e3o acad\u00eamica, junto a Universidade de S\u00e3o Paulo (USP) e outros&nbsp;principais centros universit\u00e1rios do pa\u00eds, possuindo uma s\u00f3lida base te\u00f3rica em sinergia com uma&nbsp;extensa bagagem de projetos, estudos, pequisas e consultorias desenvolvidas para a organiza\u00e7\u00f5es&nbsp;p\u00fablicas e privadas no Brasil e exterior.<\/p>\n<p>Agilidade e tecnologia: Agilidade em termos operacionais, aliados ao dom\u00ednio do estado da arte&nbsp;das disciplinas de marketing, comunica\u00e7\u00f5es recursos humanos e pesquisa de mercado.<img loading=\"lazy\" decoding=\"async\" class=\"size-medium wp-image-1237 alignright\" src=\"http:\/\/www.newsense.com.br\/portal\/wp-content\/uploads\/2015\/10\/mecanismo_de_rel_gio-300x225.jpg\" alt=\"mecanismo_de_rel_gio\" width=\"300\" height=\"225\" srcset=\"https:\/\/www.newsense.com.br\/portal\/wp-content\/uploads\/2015\/10\/mecanismo_de_rel_gio-300x225.jpg 300w, https:\/\/www.newsense.com.br\/portal\/wp-content\/uploads\/2015\/10\/mecanismo_de_rel_gio-230x173.jpg 230w, https:\/\/www.newsense.com.br\/portal\/wp-content\/uploads\/2015\/10\/mecanismo_de_rel_gio.jpg 320w\" sizes=\"auto, (max-width: 300px) 100vw, 300px\" \/><\/p>\n<p>Integra\u00e7\u00e3o com o cliente: fogo na aprendizagem organizacional, com transfer\u00eancia de tecnologia,&nbsp;desenvolvendo o&nbsp;trabalho de modo integrado com equipes do cliente, sendo nossa filosofia&nbsp;totalmente contraria ao uso de \u201ccaixas pretas\u201d, \u201creceitas\u201d ou \u201cpacotes\u201d prontos.&nbsp;Desse modo, dentro da pr\u00f3pria organiza\u00e7\u00e3o trabalhada surge uma cultura orientada&nbsp;para a solu\u00e7\u00e3o do problema, com capacita\u00e7\u00e3o t\u00e9cnica para seu correto tratamento no<br \/>\npresente e no futuro.<\/p>\n<p>A NewSense quer dividir com seus clientes o desafio de busca e solu\u00e7\u00f5es nas \u00e1reas de Marketing, &nbsp;Comunica\u00e7\u00e3o, Recursos Humanos e Gest\u00e3o estrat\u00e9gica. Se voc\u00ea julga que sua empresa enfrenta situa\u00e7\u00f5es onde conhecimento, experi\u00eancia, talento e dedica\u00e7\u00e3o s\u00e3o imprescind\u00edveis, procure a NewSense.<\/p>\n","protected":false},"excerpt":{"rendered":"<p>&nbsp; A NewSense tem como miss\u00e3o trazer solu\u00e7\u00f5es aos desafios de Marketing Comunica\u00e7\u00e3o, Recursos Humanos e Gest\u00e3o Estrat\u00e9gica de seus clientes com aplica\u00e7\u00e3o de conhecimento, experi\u00eancia e talento em uma abordagem clara, franca e inovadora. Atuando em Pesquisa, Consultoria e Capacita\u00e7\u00e3o de maneira integrada, a NewSense \u00e9&nbsp;formada por profissionais com mais de 30 anos de [&hellip;]<\/p>\n","protected":false},"author":1,"featured_media":0,"parent":0,"menu_order":0,"comment_status":"open","ping_status":"open","template":"page-templates\/page_front-page.php","meta":{"footnotes":""},"class_list":["post-937","page","type-page","status-publish","hentry"],"_links":{"self":[{"href":"https:\/\/www.newsense.com.br\/portal\/wp-json\/wp\/v2\/pages\/937","targetHints":{"allow":["GET"]}}],"collection":[{"href":"https:\/\/www.newsense.com.br\/portal\/wp-json\/wp\/v2\/pages"}],"about":[{"href":"https:\/\/www.newsense.com.br\/portal\/wp-json\/wp\/v2\/types\/page"}],"author":[{"embeddable":true,"href":"https:\/\/www.newsense.com.br\/portal\/wp-json\/wp\/v2\/users\/1"}],"replies":[{"embeddable":true,"href":"https:\/\/www.newsense.com.br\/portal\/wp-json\/wp\/v2\/comments?post=937"}],"version-history":[{"count":26,"href":"https:\/\/www.newsense.com.br\/portal\/wp-json\/wp\/v2\/pages\/937\/revisions"}],"predecessor-version":[{"id":2359,"href":"https:\/\/www.newsense.com.br\/portal\/wp-json\/wp\/v2\/pages\/937\/revisions\/2359"}],"wp:attachment":[{"href":"https:\/\/www.newsense.com.br\/portal\/wp-json\/wp\/v2\/media?parent=937"}],"curies":[{"name":"wp","href":"https:\/\/api.w.org\/{rel}","templated":true}]}}